{"id":43,"date":"2021-11-19T15:44:35","date_gmt":"2021-11-19T14:44:35","guid":{"rendered":"https:\/\/www.compagniedunouveaumonde.fr\/?page_id=43"},"modified":"2025-11-13T16:05:31","modified_gmt":"2025-11-13T15:05:31","slug":"beyrouth-hotel","status":"publish","type":"page","link":"https:\/\/www.compagniedunouveaumonde.fr\/index.php\/beyrouth-hotel\/","title":{"rendered":"Beyrouth Hotel"},"content":{"rendered":"<p>[et_pb_section fb_built=\u00a0\u00bb1&Prime; _builder_version=\u00a0\u00bb4.16&Prime; _module_preset=\u00a0\u00bbdefault\u00a0\u00bb custom_padding=\u00a0\u00bb1px|||||\u00a0\u00bb global_colors_info=\u00a0\u00bb{}\u00a0\u00bb][et_pb_row column_structure=\u00a0\u00bb1_4,3_4&Prime; _builder_version=\u00a0\u00bb4.16&Prime; _module_preset=\u00a0\u00bbdefault\u00a0\u00bb global_colors_info=\u00a0\u00bb{}\u00a0\u00bb][et_pb_column type=\u00a0\u00bb1_4&Prime; _builder_version=\u00a0\u00bb4.16&Prime; _module_preset=\u00a0\u00bbdefault\u00a0\u00bb global_colors_info=\u00a0\u00bb{}\u00a0\u00bb][et_pb_image src=\u00a0\u00bbhttps:\/\/www.compagniedunouveaumonde.fr\/wp-content\/uploads\/2022\/12\/Affiche-Generique-A1-A3-BH-2022-2-scaled.jpg\u00a0\u00bb title_text=\u00a0\u00bbAffiche G\u00e9n\u00e9rique A1-A3 BH 2022-2&Prime; _builder_version=\u00a0\u00bb4.19.4&Prime; _module_preset=\u00a0\u00bbdefault\u00a0\u00bb custom_margin=\u00a0\u00bb||12px|||\u00a0\u00bb global_colors_info=\u00a0\u00bb{}\u00a0\u00bb][\/et_pb_image][et_pb_text _builder_version=\u00a0\u00bb4.27.2&Prime; _module_preset=\u00a0\u00bbdefault\u00a0\u00bb text_font=\u00a0\u00bb|||on|||||\u00a0\u00bb text_text_color=\u00a0\u00bb#FFFFFF\u00a0\u00bb text_font_size=\u00a0\u00bb16px\u00a0\u00bb background_color=\u00a0\u00bb#0C71C3&Prime; text_orientation=\u00a0\u00bbcenter\u00a0\u00bb custom_margin=\u00a0\u00bb||11px|||\u00a0\u00bb custom_padding=\u00a0\u00bb10px|10px|10px|10px|false|false\u00a0\u00bb link_option_url=\u00a0\u00bbhttps:\/\/www.compagniedunouveaumonde.fr\/wp-content\/uploads\/2024\/10\/Dossier-Presse-CNMonde-Beyrouth-Hotel-Mai-24.pdf\u00a0\u00bb link_option_url_new_window=\u00a0\u00bbon\u00a0\u00bb global_colors_info=\u00a0\u00bb{}\u00a0\u00bb]<\/p>\n<p><a href=\"https:\/\/www.compagniedunouveaumonde.fr\/wp-content\/uploads\/2022\/01\/Dossier-Presse-CNMonde-Beyrouth-Hotel-Janv2022.pdf\" rel=\"attachment wp-att-375\"><\/a>DOSSIER PRESSE<\/p>\n<p>[\/et_pb_text][\/et_pb_column][et_pb_column type=\u00a0\u00bb3_4&Prime; _builder_version=\u00a0\u00bb4.16&Prime; _module_preset=\u00a0\u00bbdefault\u00a0\u00bb global_colors_info=\u00a0\u00bb{}\u00a0\u00bb][et_pb_text _builder_version=\u00a0\u00bb4.27.4&Prime; _module_preset=\u00a0\u00bbdefault\u00a0\u00bb text_font_size=\u00a0\u00bb17px\u00a0\u00bb text_orientation=\u00a0\u00bbjustified\u00a0\u00bb global_colors_info=\u00a0\u00bb{}\u00a0\u00bb]<\/p>\n<h2 class=\"TITRE_PRODUIT\"><strong>BEYROUTH HOTEL<\/strong><\/h2>\n<h2 class=\"TITRE_PRODUIT\">R\u00e9mi De Vos<\/h2>\n<div class=\"PARAGRAPHE\">\n<p>C\u2019est l\u2019histoire de la rencontre d\u2019un homme et d\u2019une femme, qui ont \u00e0 priori peu de choses \u00e0 partager&#8230;\u00a0Un auteur de th\u00e9\u00e2tre parisien, coinc\u00e9 dans ses probl\u00e8mes personnels, se heurte \u00e0 la spontan\u00e9it\u00e9 et \u00e0 l\u2019urgence de vivre d\u2019une r\u00e9ceptionniste d\u2019h\u00f4tel. Avec en toile de fond la rencontre de l&rsquo;Orient et de l\u2019Occident, cette com\u00e9die douce-am\u00e8re, \u00e0 la fois dr\u00f4le et subtile, s\u2019amuse des d\u00e9calages culturels et humains\u2026 Avec l\u2019aide d\u2019un complice musical malicieux\u2026<\/p>\n<p><span>De 2019 \u00e0 2023, nous avons jou\u00e9 BEYROUTH HOTEL avec beaucoup de succ\u00e8s et des retours positifs du public comme de la presse. Ce spectacle a \u00e9t\u00e9 accueilli notamment au Th\u00e9\u00e2tre du Gymnase \u00e0 Paris, au Th\u00e9\u00e2tre de l\u2019Adresse, notamment dans le cadre di Festival d&rsquo;Avignon OFF 2022, au cours duquel nous avions re\u00e7u la visite de l&rsquo;auteur R\u00e9mi De Vos, ainsi qu&rsquo;au Th\u00e9\u00e2tre des Vents dans le cadre du Festival d&rsquo;Avignon OFF 2023.<\/span><\/p>\n<p><strong>Succ\u00e8s Festival OFF Avignon 2022 et 2023<\/strong><\/p>\n<\/div>\n<p>[\/et_pb_text][et_pb_video src=\u00a0\u00bbhttps:\/\/youtu.be\/4aq1ifbARrg\u00a0\u00bb _builder_version=\u00a0\u00bb4.27.2&Prime; _module_preset=\u00a0\u00bbdefault\u00a0\u00bb width=\u00a0\u00bb66%\u00a0\u00bb max_width=\u00a0\u00bb66%\u00a0\u00bb min_height=\u00a0\u00bb342px\u00a0\u00bb height=\u00a0\u00bb339px\u00a0\u00bb max_height=\u00a0\u00bb340px\u00a0\u00bb global_colors_info=\u00a0\u00bb{}\u00a0\u00bb global_module=\u00a0\u00bb1120&Prime; saved_tabs=\u00a0\u00bball\u00a0\u00bb][\/et_pb_video][\/et_pb_column][\/et_pb_row][et_pb_row _builder_version=\u00a0\u00bb4.16&Prime; _module_preset=\u00a0\u00bbdefault\u00a0\u00bb global_colors_info=\u00a0\u00bb{}\u00a0\u00bb][et_pb_column type=\u00a0\u00bb4_4&Prime; _builder_version=\u00a0\u00bb4.16&Prime; _module_preset=\u00a0\u00bbdefault\u00a0\u00bb global_colors_info=\u00a0\u00bb{}\u00a0\u00bb][et_pb_text _builder_version=\u00a0\u00bb4.27.4&Prime; _module_preset=\u00a0\u00bbdefault\u00a0\u00bb text_font=\u00a0\u00bb|300||on|||||\u00a0\u00bb text_text_color=\u00a0\u00bb#000064&Prime; text_font_size=\u00a0\u00bb29px\u00a0\u00bb background_enable_color=\u00a0\u00bboff\u00a0\u00bb text_orientation=\u00a0\u00bbcenter\u00a0\u00bb custom_margin=\u00a0\u00bb||||false|false\u00a0\u00bb custom_padding=\u00a0\u00bb||||false|false\u00a0\u00bb global_colors_info=\u00a0\u00bb{}\u00a0\u00bb]<\/p>\n<h2><strong>PHOTOS<\/strong><\/h2>\n<p>[\/et_pb_text][\/et_pb_column][\/et_pb_row][et_pb_row _builder_version=\u00a0\u00bb4.16&Prime; _module_preset=\u00a0\u00bbdefault\u00a0\u00bb global_colors_info=\u00a0\u00bb{}\u00a0\u00bb][et_pb_column type=\u00a0\u00bb4_4&Prime; _builder_version=\u00a0\u00bb4.16&Prime; _module_preset=\u00a0\u00bbdefault\u00a0\u00bb global_colors_info=\u00a0\u00bb{}\u00a0\u00bb][et_pb_gallery gallery_ids=\u00a0\u00bb549,550,552,551&Prime; show_title_and_caption=\u00a0\u00bboff\u00a0\u00bb _builder_version=\u00a0\u00bb4.20.4&Prime; _module_preset=\u00a0\u00bbdefault\u00a0\u00bb custom_margin=\u00a0\u00bb||2px|||\u00a0\u00bb global_colors_info=\u00a0\u00bb{}\u00a0\u00bb][\/et_pb_gallery][\/et_pb_column][\/et_pb_row][\/et_pb_section]<\/p>\n","protected":false},"excerpt":{"rendered":"<p>DOSSIER PRESSEBEYROUTH HOTEL R\u00e9mi De Vos C\u2019est l\u2019histoire de la rencontre d\u2019un homme et d\u2019une femme, qui ont \u00e0 priori peu de choses \u00e0 partager&#8230;\u00a0Un auteur de th\u00e9\u00e2tre parisien, coinc\u00e9 dans ses probl\u00e8mes personnels, se heurte \u00e0 la spontan\u00e9it\u00e9 et \u00e0 l\u2019urgence de vivre d\u2019une r\u00e9ceptionniste d\u2019h\u00f4tel. Avec en toile de fond la rencontre de [&hellip;]<\/p>\n","protected":false},"author":1,"featured_media":0,"parent":0,"menu_order":0,"comment_status":"closed","ping_status":"closed","template":"","meta":{"_et_pb_use_builder":"on","_et_pb_old_content":"<!-- wp:divi\/placeholder \/-->","_et_gb_content_width":"","footnotes":""},"class_list":["post-43","page","type-page","status-publish","hentry"],"_links":{"self":[{"href":"https:\/\/www.compagniedunouveaumonde.fr\/index.php\/wp-json\/wp\/v2\/pages\/43","targetHints":{"allow":["GET"]}}],"collection":[{"href":"https:\/\/www.compagniedunouveaumonde.fr\/index.php\/wp-json\/wp\/v2\/pages"}],"about":[{"href":"https:\/\/www.compagniedunouveaumonde.fr\/index.php\/wp-json\/wp\/v2\/types\/page"}],"author":[{"embeddable":true,"href":"https:\/\/www.compagniedunouveaumonde.fr\/index.php\/wp-json\/wp\/v2\/users\/1"}],"replies":[{"embeddable":true,"href":"https:\/\/www.compagniedunouveaumonde.fr\/index.php\/wp-json\/wp\/v2\/comments?post=43"}],"version-history":[{"count":44,"href":"https:\/\/www.compagniedunouveaumonde.fr\/index.php\/wp-json\/wp\/v2\/pages\/43\/revisions"}],"predecessor-version":[{"id":1121,"href":"https:\/\/www.compagniedunouveaumonde.fr\/index.php\/wp-json\/wp\/v2\/pages\/43\/revisions\/1121"}],"wp:attachment":[{"href":"https:\/\/www.compagniedunouveaumonde.fr\/index.php\/wp-json\/wp\/v2\/media?parent=43"}],"curies":[{"name":"wp","href":"https:\/\/api.w.org\/{rel}","templated":true}]}}